{"id":4180,"date":"2019-05-01T16:58:26","date_gmt":"2019-05-01T20:58:26","guid":{"rendered":"https:\/\/shamsafrique.com\/produit\/the-de-gongolili\/"},"modified":"2025-03-26T18:07:33","modified_gmt":"2025-03-26T22:07:33","slug":"the-de-gongolili","status":"publish","type":"product","link":"https:\/\/shamsafrique.com\/en\/produit\/the-de-gongolili\/","title":{"rendered":"Th\u00e9 de Gongolili (V\u00e9tiver &#8211; Khamar\u00e9)"},"content":{"rendered":"<h4>These virtues<br \/>\n100% Natural without any additives<br \/>\nAlways looking for solutions to your well-being, we make it easy for you to use and consume GONGOLILI.<\/h4>\n<p>Save time by consuming your infusion of GONGOLILI while keeping these properties.<\/p>\n<p>Naturally fragrant GONGOLILI bring wellbeing to your body and your private parts.<\/p>\n<p>WHAT DOES OUR GONGOLILI TEA GIVE YOU?<br \/>\nHumidifies the vagina &#8211; good vaginal odor &#8211; good smell of urine, intimate parts and perspiration &#8211; Facilitates fertility &#8211; Aphrodisiac &#8211; Relieves and treats painful rules &#8211; cleans the uterus and belly of all impurities &#8211; makes the complexion clean and bright &#8211; degreases, heals and cleans the belly after delivery &#8211; improves the quality of cervical mucus &#8211; Ideal for the new bride.<\/p>\n<p>20 Sachets<\/p>\n<p>ORIGINAL PRODUCTS FROM WEST AFRICA CALLED GONGOLILI OR KHAMARE OR EVEN MORE<\/p>\n<p>SALE AT WHOLESALE PRICE (20 BAGS PER BOX) info@shamsafrique.com FOR MORE INFORMATION<\/p>\n","protected":false},"excerpt":{"rendered":"<p>These virtues 100% Natural without any additives Always looking for solutions to your well-being, we make it easy for you to use and consume GONGOLILI. Save time by consuming your infusion of GONGOLILI while keeping these properties. Naturally fragrant GONGOLILI bring wellbeing to your body&#8230;<\/p>\n","protected":false},"featured_media":4268,"template":"","meta":{"_acf_changed":false,"jetpack_publicize_message":"","jetpack_publicize_feature_enabled":true,"jetpack_social_post_already_shared":false,"jetpack_social_options":{"image_generator_settings":{"template":"highway","default_image_id":0,"font":"","enabled":false},"version":2}},"product_brand":[],"product_cat":[123,38],"product_tag":[],"class_list":{"0":"post-4180","1":"product","2":"type-product","3":"status-publish","4":"has-post-thumbnail","6":"product_cat-our-tea-and-infusions","7":"product_cat-pleasure-sexuality","9":"first","10":"outofstock","11":"featured","12":"shipping-taxable","13":"purchasable","14":"product-type-simple"},"acf":[],"yoast_head":"<!-- This site is optimized with the Yoast SEO plugin v27.4 - https:\/\/yoast.com\/product\/yoast-seo-wordpress\/ -->\n<title>Th\u00e9 de Gongolili (V\u00e9tiver - Khamar\u00e9) - Sham&#039;s Afrique<\/title>\n<meta name=\"robots\" content=\"index, follow, max-snippet:-1, max-image-preview:large, max-video-preview:-1\" \/>\n<link rel=\"canonical\" href=\"https:\/\/shamsafrique.com\/en\/produit\/the-de-gongolili\/\" \/>\n<meta property=\"og:locale\" content=\"en_US\" \/>\n<meta property=\"og:type\" content=\"article\" \/>\n<meta property=\"og:title\" content=\"Th\u00e9 de Gongolili (V\u00e9tiver - Khamar\u00e9) - Sham&#039;s Afrique\" \/>\n<meta property=\"og:description\" content=\"These virtues 100% Natural without any additives Always looking for solutions to your well-being, we make it easy for you to use and consume GONGOLILI. Save time by consuming your infusion of GONGOLILI while keeping these properties. Naturally fragrant GONGOLILI bring wellbeing to your body...\" \/>\n<meta property=\"og:url\" content=\"https:\/\/shamsafrique.com\/en\/produit\/the-de-gongolili\/\" \/>\n<meta property=\"og:site_name\" content=\"Sham&#039;s Afrique\" \/>\n<meta property=\"article:publisher\" content=\"https:\/\/www.facebook.com\/shamsafriqueinternational\/\" \/>\n<meta property=\"article:modified_time\" content=\"2025-03-26T22:07:33+00:00\" \/>\n<meta property=\"og:image\" content=\"https:\/\/shamsafrique.com\/wp-content\/uploads\/2019\/05\/gongolili-tea-amazone.jpg\" \/>\n\t<meta property=\"og:image:width\" content=\"2896\" \/>\n\t<meta property=\"og:image:height\" content=\"2896\" \/>\n\t<meta property=\"og:image:type\" content=\"image\/jpeg\" \/>\n<meta name=\"twitter:card\" content=\"summary_large_image\" \/>\n<meta name=\"twitter:label1\" content=\"Est. reading time\" \/>\n\t<meta name=\"twitter:data1\" content=\"1 minute\" \/>\n<script type=\"application\/ld+json\" class=\"yoast-schema-graph\">{\"@context\":\"https:\\\/\\\/schema.org\",\"@graph\":[{\"@type\":\"WebPage\",\"@id\":\"https:\\\/\\\/shamsafrique.com\\\/en\\\/produit\\\/the-de-gongolili\\\/\",\"url\":\"https:\\\/\\\/shamsafrique.com\\\/en\\\/produit\\\/the-de-gongolili\\\/\",\"name\":\"Th\u00e9 de Gongolili (V\u00e9tiver - Khamar\u00e9) - Sham&#039;s Afrique\",\"isPartOf\":{\"@id\":\"https:\\\/\\\/shamsafrique.com\\\/#website\"},\"primaryImageOfPage\":{\"@id\":\"https:\\\/\\\/shamsafrique.com\\\/en\\\/produit\\\/the-de-gongolili\\\/#primaryimage\"},\"image\":{\"@id\":\"https:\\\/\\\/shamsafrique.com\\\/en\\\/produit\\\/the-de-gongolili\\\/#primaryimage\"},\"thumbnailUrl\":\"https:\\\/\\\/shamsafrique.com\\\/wp-content\\\/uploads\\\/2019\\\/05\\\/gongolili-tea-amazone.jpg\",\"datePublished\":\"2019-05-01T20:58:26+00:00\",\"dateModified\":\"2025-03-26T22:07:33+00:00\",\"breadcrumb\":{\"@id\":\"https:\\\/\\\/shamsafrique.com\\\/en\\\/produit\\\/the-de-gongolili\\\/#breadcrumb\"},\"inLanguage\":\"en-CA\",\"potentialAction\":[{\"@type\":\"ReadAction\",\"target\":[\"https:\\\/\\\/shamsafrique.com\\\/en\\\/produit\\\/the-de-gongolili\\\/\"]}]},{\"@type\":\"ImageObject\",\"inLanguage\":\"en-CA\",\"@id\":\"https:\\\/\\\/shamsafrique.com\\\/en\\\/produit\\\/the-de-gongolili\\\/#primaryimage\",\"url\":\"https:\\\/\\\/shamsafrique.com\\\/wp-content\\\/uploads\\\/2019\\\/05\\\/gongolili-tea-amazone.jpg\",\"contentUrl\":\"https:\\\/\\\/shamsafrique.com\\\/wp-content\\\/uploads\\\/2019\\\/05\\\/gongolili-tea-amazone.jpg\",\"width\":2896,\"height\":2896},{\"@type\":\"BreadcrumbList\",\"@id\":\"https:\\\/\\\/shamsafrique.com\\\/en\\\/produit\\\/the-de-gongolili\\\/#breadcrumb\",\"itemListElement\":[{\"@type\":\"ListItem\",\"position\":1,\"name\":\"Home\",\"item\":\"https:\\\/\\\/shamsafrique.com\\\/en\\\/\"},{\"@type\":\"ListItem\",\"position\":2,\"name\":\"Shop\",\"item\":\"https:\\\/\\\/shamsafrique.com\\\/en\\\/shop\\\/\"},{\"@type\":\"ListItem\",\"position\":3,\"name\":\"Th\u00e9 de Gongolili (V\u00e9tiver &#8211; Khamar\u00e9)\"}]},{\"@type\":\"WebSite\",\"@id\":\"https:\\\/\\\/shamsafrique.com\\\/#website\",\"url\":\"https:\\\/\\\/shamsafrique.com\\\/\",\"name\":\"Sham&#039;s Afrique\",\"description\":\"African Ancestral Products &amp; Advices\",\"potentialAction\":[{\"@type\":\"SearchAction\",\"target\":{\"@type\":\"EntryPoint\",\"urlTemplate\":\"https:\\\/\\\/shamsafrique.com\\\/?s={search_term_string}\"},\"query-input\":{\"@type\":\"PropertyValueSpecification\",\"valueRequired\":true,\"valueName\":\"search_term_string\"}}],\"inLanguage\":\"en-CA\"}]}<\/script>\n<!-- \/ Yoast SEO plugin. -->","yoast_head_json":{"title":"Th\u00e9 de Gongolili (V\u00e9tiver - Khamar\u00e9) - Sham&#039;s Afrique","robots":{"index":"index","follow":"follow","max-snippet":"max-snippet:-1","max-image-preview":"max-image-preview:large","max-video-preview":"max-video-preview:-1"},"canonical":"https:\/\/shamsafrique.com\/en\/produit\/the-de-gongolili\/","og_locale":"en_US","og_type":"article","og_title":"Th\u00e9 de Gongolili (V\u00e9tiver - Khamar\u00e9) - Sham&#039;s Afrique","og_description":"These virtues 100% Natural without any additives Always looking for solutions to your well-being, we make it easy for you to use and consume GONGOLILI. Save time by consuming your infusion of GONGOLILI while keeping these properties. Naturally fragrant GONGOLILI bring wellbeing to your body...","og_url":"https:\/\/shamsafrique.com\/en\/produit\/the-de-gongolili\/","og_site_name":"Sham&#039;s Afrique","article_publisher":"https:\/\/www.facebook.com\/shamsafriqueinternational\/","article_modified_time":"2025-03-26T22:07:33+00:00","og_image":[{"width":2896,"height":2896,"url":"https:\/\/shamsafrique.com\/wp-content\/uploads\/2019\/05\/gongolili-tea-amazone.jpg","type":"image\/jpeg"}],"twitter_card":"summary_large_image","twitter_misc":{"Est. reading time":"1 minute"},"schema":{"@context":"https:\/\/schema.org","@graph":[{"@type":"WebPage","@id":"https:\/\/shamsafrique.com\/en\/produit\/the-de-gongolili\/","url":"https:\/\/shamsafrique.com\/en\/produit\/the-de-gongolili\/","name":"Th\u00e9 de Gongolili (V\u00e9tiver - Khamar\u00e9) - Sham&#039;s Afrique","isPartOf":{"@id":"https:\/\/shamsafrique.com\/#website"},"primaryImageOfPage":{"@id":"https:\/\/shamsafrique.com\/en\/produit\/the-de-gongolili\/#primaryimage"},"image":{"@id":"https:\/\/shamsafrique.com\/en\/produit\/the-de-gongolili\/#primaryimage"},"thumbnailUrl":"https:\/\/shamsafrique.com\/wp-content\/uploads\/2019\/05\/gongolili-tea-amazone.jpg","datePublished":"2019-05-01T20:58:26+00:00","dateModified":"2025-03-26T22:07:33+00:00","breadcrumb":{"@id":"https:\/\/shamsafrique.com\/en\/produit\/the-de-gongolili\/#breadcrumb"},"inLanguage":"en-CA","potentialAction":[{"@type":"ReadAction","target":["https:\/\/shamsafrique.com\/en\/produit\/the-de-gongolili\/"]}]},{"@type":"ImageObject","inLanguage":"en-CA","@id":"https:\/\/shamsafrique.com\/en\/produit\/the-de-gongolili\/#primaryimage","url":"https:\/\/shamsafrique.com\/wp-content\/uploads\/2019\/05\/gongolili-tea-amazone.jpg","contentUrl":"https:\/\/shamsafrique.com\/wp-content\/uploads\/2019\/05\/gongolili-tea-amazone.jpg","width":2896,"height":2896},{"@type":"BreadcrumbList","@id":"https:\/\/shamsafrique.com\/en\/produit\/the-de-gongolili\/#breadcrumb","itemListElement":[{"@type":"ListItem","position":1,"name":"Home","item":"https:\/\/shamsafrique.com\/en\/"},{"@type":"ListItem","position":2,"name":"Shop","item":"https:\/\/shamsafrique.com\/en\/shop\/"},{"@type":"ListItem","position":3,"name":"Th\u00e9 de Gongolili (V\u00e9tiver &#8211; Khamar\u00e9)"}]},{"@type":"WebSite","@id":"https:\/\/shamsafrique.com\/#website","url":"https:\/\/shamsafrique.com\/","name":"Sham&#039;s Afrique","description":"African Ancestral Products &amp; Advices","potentialAction":[{"@type":"SearchAction","target":{"@type":"EntryPoint","urlTemplate":"https:\/\/shamsafrique.com\/?s={search_term_string}"},"query-input":{"@type":"PropertyValueSpecification","valueRequired":true,"valueName":"search_term_string"}}],"inLanguage":"en-CA"}]}},"jetpack_publicize_connections":[],"jetpack_likes_enabled":true,"jetpack_sharing_enabled":true,"_links":{"self":[{"href":"https:\/\/shamsafrique.com\/en\/wp-json\/wp\/v2\/product\/4180","targetHints":{"allow":["GET"]}}],"collection":[{"href":"https:\/\/shamsafrique.com\/en\/wp-json\/wp\/v2\/product"}],"about":[{"href":"https:\/\/shamsafrique.com\/en\/wp-json\/wp\/v2\/types\/product"}],"wp:featuredmedia":[{"embeddable":true,"href":"https:\/\/shamsafrique.com\/en\/wp-json\/wp\/v2\/media\/4268"}],"wp:attachment":[{"href":"https:\/\/shamsafrique.com\/en\/wp-json\/wp\/v2\/media?parent=4180"}],"wp:term":[{"taxonomy":"product_brand","embeddable":true,"href":"https:\/\/shamsafrique.com\/en\/wp-json\/wp\/v2\/product_brand?post=4180"},{"taxonomy":"product_cat","embeddable":true,"href":"https:\/\/shamsafrique.com\/en\/wp-json\/wp\/v2\/product_cat?post=4180"},{"taxonomy":"product_tag","embeddable":true,"href":"https:\/\/shamsafrique.com\/en\/wp-json\/wp\/v2\/product_tag?post=4180"}],"curies":[{"name":"wp","href":"https:\/\/api.w.org\/{rel}","templated":true}]}}